{"id":108,"date":"2015-03-31T14:27:07","date_gmt":"2015-03-31T14:27:07","guid":{"rendered":"https:\/\/twmh.hu\/?page_id=108"},"modified":"2019-12-10T11:14:10","modified_gmt":"2019-12-10T11:14:10","slug":"vasuti-kocsik-javitasa","status":"publish","type":"page","link":"https:\/\/twmh.hu\/?page_id=108","title":{"rendered":"Vas\u00fati kocsik jav\u00edt\u00e1sa"},"content":{"rendered":"<p><a href=\"https:\/\/twmh.hu\/wp-content\/uploads\/2015\/05\/personal.jpg\"><img loading=\"lazy\" decoding=\"async\" class=\" size-full wp-image-562 alignleft\" src=\"https:\/\/twmh.hu\/wp-content\/uploads\/2015\/05\/personal.jpg\" alt=\"personal\" width=\"451\" height=\"438\" srcset=\"https:\/\/twmh.hu\/wp-content\/uploads\/2015\/05\/personal.jpg 451w, https:\/\/twmh.hu\/wp-content\/uploads\/2015\/05\/personal-300x291.jpg 300w\" sizes=\"auto, (max-width: 451px) 100vw, 451px\" \/><\/a><\/p>\n<p>T\u00f6bbek k\u00f6z\u00f6tt:<\/p>\n<ul>\n<li>F\u00e9ktusk\u00f3 csere<\/li>\n<li>F\u00e9kbiztons\u00e1gi kengyel csere<\/li>\n<li>F\u00f6ldel\u0151k\u00e1bel csere<\/li>\n<li>Rug\u00f3kalap csere<\/li>\n<li>Oldalcs\u00fasz\u00f3 jav\u00edt\u00e1s<\/li>\n<li>F\u00e9kemelty\u0171 csere<\/li>\n<li>Ker\u00e9kp\u00e1r csere<\/li>\n<li>Felirat jav\u00edt\u00e1s, tiszt\u00edt\u00e1s<\/li>\n<li>Zs\u00edroz\u00e1s<\/li>\n<li>Hegeszt\u00e9s \u2013 DIN EN 15085-2 CL2 szerint<\/li>\n<li>BRO f\u00e9kvizsg\u00e1lat<\/li>\n<li>Kocsi vizsg\u00e1lat<\/li>\n<li>Ker\u00e9k felm\u00e9r\u00e9s<\/li>\n<\/ul>\n<p><\/p>","protected":false},"excerpt":{"rendered":"<p>T\u00f6bbek k\u00f6z\u00f6tt: F\u00e9ktusk\u00f3 csere F\u00e9kbiztons\u00e1gi kengyel csere F\u00f6ldel\u0151k\u00e1bel csere Rug\u00f3kalap csere Oldalcs\u00fasz\u00f3 jav\u00edt\u00e1s F\u00e9kemelty\u0171 csere Ker\u00e9kp\u00e1r csere Felirat jav\u00edt\u00e1s, tiszt\u00edt\u00e1s Zs\u00edroz\u00e1s Hegeszt\u00e9s \u2013 DIN EN 15085-2 CL2 szerint BRO f\u00e9kvizsg\u00e1lat Kocsi vizsg\u00e1lat Ker\u00e9k felm\u00e9r\u00e9s<\/p>\n","protected":false},"author":1,"featured_media":0,"parent":0,"menu_order":0,"comment_status":"closed","ping_status":"closed","template":"","meta":{"footnotes":""},"class_list":["post-108","page","type-page","status-publish","hentry"],"_links":{"self":[{"href":"https:\/\/twmh.hu\/index.php?rest_route=\/wp\/v2\/pages\/108","targetHints":{"allow":["GET"]}}],"collection":[{"href":"https:\/\/twmh.hu\/index.php?rest_route=\/wp\/v2\/pages"}],"about":[{"href":"https:\/\/twmh.hu\/index.php?rest_route=\/wp\/v2\/types\/page"}],"author":[{"embeddable":true,"href":"https:\/\/twmh.hu\/index.php?rest_route=\/wp\/v2\/users\/1"}],"replies":[{"embeddable":true,"href":"https:\/\/twmh.hu\/index.php?rest_route=%2Fwp%2Fv2%2Fcomments&post=108"}],"version-history":[{"count":43,"href":"https:\/\/twmh.hu\/index.php?rest_route=\/wp\/v2\/pages\/108\/revisions"}],"predecessor-version":[{"id":1372,"href":"https:\/\/twmh.hu\/index.php?rest_route=\/wp\/v2\/pages\/108\/revisions\/1372"}],"wp:attachment":[{"href":"https:\/\/twmh.hu\/index.php?rest_route=%2Fwp%2Fv2%2Fmedia&parent=108"}],"curies":[{"name":"wp","href":"https:\/\/api.w.org\/{rel}","templated":true}]}}