{"id":110,"date":"2015-03-31T14:30:27","date_gmt":"2015-03-31T14:30:27","guid":{"rendered":"https:\/\/twmh.hu\/?page_id=110"},"modified":"2015-06-03T09:09:15","modified_gmt":"2015-06-03T09:09:15","slug":"vasuti-kocsi-alkatreszek","status":"publish","type":"page","link":"https:\/\/twmh.hu\/?page_id=110","title":{"rendered":"Vas\u00fati kocsi alkatr\u00e9szek"},"content":{"rendered":"<p><\/p>\n<ul>\n<li>C\u00e9g\u00fcnk debreceni \u00e9s gy\u00e9k\u00e9nyesi rakt\u00e1ra a jav\u00edt\u00e1sokhoz sz\u00fcks\u00e9ges legfontosabb alkatr\u00e9szekkel felszerelt, valamint k\u00e9szlet\u00fcnk \u00e9rt\u00e9kes\u00edt\u00e9s\u00e9vel is foglalkozunk, az \u00e1rakr\u00f3l \u00e9rdekl\u0151dj\u00f6n telefonon, vagy e-mailben.<\/li>\n<\/ul>\n<p style=\"text-align: center;\"><div id=\"metaslider-id-371\" style=\"max-width: 640px;\" class=\"ml-slider-3-109-0 metaslider metaslider-flex metaslider-371 ml-slider has-dots-nav ms-theme-default\" role=\"region\" aria-label=\"Alkatr\u00e9szek\" data-height=\"358\" data-width=\"640\">\n    <div id=\"metaslider_container_371\">\n        <div id=\"metaslider_371\" class=\"flexslider\">\n            <ul class='slides'>\n                <li style=\"display: block; width: 100%;\" class=\"slide-348 ms-image \" aria-roledescription=\"slide\" data-date=\"2015-04-28 20:04:47\" data-filename=\"a-1.jpg\" data-slide-type=\"image\"><img loading=\"lazy\" decoding=\"async\" src=\"https:\/\/twmh.hu\/wp-content\/uploads\/2015\/04\/a-1.jpg\" height=\"358\" width=\"640\" alt=\"\" class=\"slider-371 slide-348 msDefaultImage\" \/><\/li>\n                <li style=\"display: none; width: 100%;\" class=\"slide-353 ms-image \" aria-roledescription=\"slide\" data-date=\"2015-04-28 20:04:51\" data-filename=\"a-6.jpg\" data-slide-type=\"image\"><img loading=\"lazy\" decoding=\"async\" src=\"https:\/\/twmh.hu\/wp-content\/uploads\/2015\/04\/a-6.jpg\" height=\"358\" width=\"640\" alt=\"\" class=\"slider-371 slide-353 msDefaultImage\" \/><\/li>\n                <li style=\"display: none; width: 100%;\" class=\"slide-354 ms-image \" aria-roledescription=\"slide\" data-date=\"2015-04-28 20:04:51\" data-filename=\"a-7.jpg\" data-slide-type=\"image\"><img loading=\"lazy\" decoding=\"async\" src=\"https:\/\/twmh.hu\/wp-content\/uploads\/2015\/04\/a-7.jpg\" height=\"358\" width=\"640\" alt=\"\" class=\"slider-371 slide-354 msDefaultImage\" \/><\/li>\n                <li style=\"display: none; width: 100%;\" class=\"slide-352 ms-image \" aria-roledescription=\"slide\" data-date=\"2015-04-28 20:04:50\" data-filename=\"a-5.jpg\" data-slide-type=\"image\"><img loading=\"lazy\" decoding=\"async\" src=\"https:\/\/twmh.hu\/wp-content\/uploads\/2015\/04\/a-5.jpg\" height=\"358\" width=\"640\" alt=\"\" class=\"slider-371 slide-352 msDefaultImage\" \/><\/li>\n                <li style=\"display: none; width: 100%;\" class=\"slide-351 ms-image \" aria-roledescription=\"slide\" data-date=\"2015-04-28 20:04:50\" data-filename=\"a-4.jpg\" data-slide-type=\"image\"><img loading=\"lazy\" decoding=\"async\" src=\"https:\/\/twmh.hu\/wp-content\/uploads\/2015\/04\/a-4.jpg\" height=\"358\" width=\"640\" alt=\"\" class=\"slider-371 slide-351 msDefaultImage\" \/><\/li>\n                <li style=\"display: none; width: 100%;\" class=\"slide-349 ms-image \" aria-roledescription=\"slide\" data-date=\"2015-04-28 20:04:49\" data-filename=\"a-2.jpg\" data-slide-type=\"image\"><img loading=\"lazy\" decoding=\"async\" src=\"https:\/\/twmh.hu\/wp-content\/uploads\/2015\/04\/a-2.jpg\" height=\"358\" width=\"640\" alt=\"\" class=\"slider-371 slide-349 msDefaultImage\" \/><\/li>\n                <li style=\"display: none; width: 100%;\" class=\"slide-350 ms-image \" aria-roledescription=\"slide\" data-date=\"2015-04-28 20:04:49\" data-filename=\"a-3.jpg\" data-slide-type=\"image\"><img loading=\"lazy\" decoding=\"async\" src=\"https:\/\/twmh.hu\/wp-content\/uploads\/2015\/04\/a-3.jpg\" height=\"358\" width=\"640\" alt=\"\" class=\"slider-371 slide-350 msDefaultImage\" \/><\/li>\n                <li style=\"display: none; width: 100%;\" class=\"slide-355 ms-image \" aria-roledescription=\"slide\" data-date=\"2015-04-28 20:04:52\" data-filename=\"a-8.jpg\" data-slide-type=\"image\"><img loading=\"lazy\" decoding=\"async\" src=\"https:\/\/twmh.hu\/wp-content\/uploads\/2015\/04\/a-8.jpg\" height=\"358\" width=\"640\" alt=\"\" class=\"slider-371 slide-355 msDefaultImage\" \/><\/li>\n                <li style=\"display: none; width: 100%;\" class=\"slide-356 ms-image \" aria-roledescription=\"slide\" data-date=\"2015-04-28 20:04:52\" data-filename=\"a-9.jpg\" data-slide-type=\"image\"><img loading=\"lazy\" decoding=\"async\" src=\"https:\/\/twmh.hu\/wp-content\/uploads\/2015\/04\/a-9.jpg\" height=\"358\" width=\"640\" alt=\"\" class=\"slider-371 slide-356 msDefaultImage\" \/><\/li>\n                <li style=\"display: none; width: 100%;\" class=\"slide-358 ms-image \" aria-roledescription=\"slide\" data-date=\"2015-04-28 20:04:53\" data-filename=\"a-11.jpg\" data-slide-type=\"image\"><img loading=\"lazy\" decoding=\"async\" src=\"https:\/\/twmh.hu\/wp-content\/uploads\/2015\/04\/a-11.jpg\" height=\"358\" width=\"640\" alt=\"\" class=\"slider-371 slide-358 msDefaultImage\" \/><\/li>\n                <li style=\"display: none; width: 100%;\" class=\"slide-357 ms-image \" aria-roledescription=\"slide\" data-date=\"2015-04-28 20:04:53\" data-filename=\"a-10.jpg\" data-slide-type=\"image\"><img loading=\"lazy\" decoding=\"async\" src=\"https:\/\/twmh.hu\/wp-content\/uploads\/2015\/04\/a-10.jpg\" height=\"358\" width=\"640\" alt=\"\" class=\"slider-371 slide-357 msDefaultImage\" \/><\/li>\n                <li style=\"display: none; width: 100%;\" class=\"slide-359 ms-image \" aria-roledescription=\"slide\" data-date=\"2015-04-28 20:04:54\" data-filename=\"a-12.jpg\" data-slide-type=\"image\"><img loading=\"lazy\" decoding=\"async\" src=\"https:\/\/twmh.hu\/wp-content\/uploads\/2015\/04\/a-12.jpg\" height=\"358\" width=\"640\" alt=\"\" class=\"slider-371 slide-359 msDefaultImage\" \/><\/li>\n                <li style=\"display: none; width: 100%;\" class=\"slide-366 ms-image \" aria-roledescription=\"slide\" data-date=\"2015-04-28 20:04:58\" data-filename=\"a-19.jpg\" data-slide-type=\"image\"><img loading=\"lazy\" decoding=\"async\" src=\"https:\/\/twmh.hu\/wp-content\/uploads\/2015\/04\/a-19.jpg\" height=\"358\" width=\"640\" alt=\"\" class=\"slider-371 slide-366 msDefaultImage\" \/><\/li>\n                <li style=\"display: none; width: 100%;\" class=\"slide-364 ms-image \" aria-roledescription=\"slide\" data-date=\"2015-04-28 20:04:57\" data-filename=\"a-17.jpg\" data-slide-type=\"image\"><img loading=\"lazy\" decoding=\"async\" src=\"https:\/\/twmh.hu\/wp-content\/uploads\/2015\/04\/a-17.jpg\" height=\"358\" width=\"640\" alt=\"\" class=\"slider-371 slide-364 msDefaultImage\" \/><\/li>\n                <li style=\"display: none; width: 100%;\" class=\"slide-365 ms-image \" aria-roledescription=\"slide\" data-date=\"2015-04-28 20:04:57\" data-filename=\"a-18.jpg\" data-slide-type=\"image\"><img loading=\"lazy\" decoding=\"async\" src=\"https:\/\/twmh.hu\/wp-content\/uploads\/2015\/04\/a-18.jpg\" height=\"358\" width=\"640\" alt=\"\" class=\"slider-371 slide-365 msDefaultImage\" \/><\/li>\n                <li style=\"display: none; width: 100%;\" class=\"slide-361 ms-image \" aria-roledescription=\"slide\" data-date=\"2015-04-28 20:04:55\" data-filename=\"a-14.jpg\" data-slide-type=\"image\"><img loading=\"lazy\" decoding=\"async\" src=\"https:\/\/twmh.hu\/wp-content\/uploads\/2015\/04\/a-14.jpg\" height=\"358\" width=\"640\" alt=\"\" class=\"slider-371 slide-361 msDefaultImage\" \/><\/li>\n                <li style=\"display: none; width: 100%;\" class=\"slide-362 ms-image \" aria-roledescription=\"slide\" data-date=\"2015-04-28 20:04:56\" data-filename=\"a-15.jpg\" data-slide-type=\"image\"><img loading=\"lazy\" decoding=\"async\" src=\"https:\/\/twmh.hu\/wp-content\/uploads\/2015\/04\/a-15.jpg\" height=\"358\" width=\"640\" alt=\"\" class=\"slider-371 slide-362 msDefaultImage\" \/><\/li>\n                <li style=\"display: none; width: 100%;\" class=\"slide-363 ms-image \" aria-roledescription=\"slide\" data-date=\"2015-04-28 20:04:56\" data-filename=\"a-16.jpg\" data-slide-type=\"image\"><img loading=\"lazy\" decoding=\"async\" src=\"https:\/\/twmh.hu\/wp-content\/uploads\/2015\/04\/a-16.jpg\" height=\"358\" width=\"640\" alt=\"\" class=\"slider-371 slide-363 msDefaultImage\" \/><\/li>\n                <li style=\"display: none; width: 100%;\" class=\"slide-360 ms-image \" aria-roledescription=\"slide\" data-date=\"2015-04-28 20:04:55\" data-filename=\"a-13.jpg\" data-slide-type=\"image\"><img loading=\"lazy\" decoding=\"async\" src=\"https:\/\/twmh.hu\/wp-content\/uploads\/2015\/04\/a-13.jpg\" height=\"358\" width=\"640\" alt=\"\" class=\"slider-371 slide-360 msDefaultImage\" \/><\/li>\n            <\/ul>\n        <\/div>\n        \n    <\/div>\n<\/div><\/p>\n<p style=\"text-align: center;\">\n<p><\/p>","protected":false},"excerpt":{"rendered":"<p>C\u00e9g\u00fcnk debreceni \u00e9s gy\u00e9k\u00e9nyesi rakt\u00e1ra a jav\u00edt\u00e1sokhoz sz\u00fcks\u00e9ges legfontosabb alkatr\u00e9szekkel felszerelt, valamint k\u00e9szlet\u00fcnk \u00e9rt\u00e9kes\u00edt\u00e9s\u00e9vel is foglalkozunk, az \u00e1rakr\u00f3l \u00e9rdekl\u0151dj\u00f6n telefonon, vagy e-mailben.<\/p>\n","protected":false},"author":1,"featured_media":0,"parent":0,"menu_order":0,"comment_status":"closed","ping_status":"closed","template":"","meta":{"footnotes":""},"class_list":["post-110","page","type-page","status-publish","hentry"],"_links":{"self":[{"href":"https:\/\/twmh.hu\/index.php?rest_route=\/wp\/v2\/pages\/110","targetHints":{"allow":["GET"]}}],"collection":[{"href":"https:\/\/twmh.hu\/index.php?rest_route=\/wp\/v2\/pages"}],"about":[{"href":"https:\/\/twmh.hu\/index.php?rest_route=\/wp\/v2\/types\/page"}],"author":[{"embeddable":true,"href":"https:\/\/twmh.hu\/index.php?rest_route=\/wp\/v2\/users\/1"}],"replies":[{"embeddable":true,"href":"https:\/\/twmh.hu\/index.php?rest_route=%2Fwp%2Fv2%2Fcomments&post=110"}],"version-history":[{"count":11,"href":"https:\/\/twmh.hu\/index.php?rest_route=\/wp\/v2\/pages\/110\/revisions"}],"predecessor-version":[{"id":701,"href":"https:\/\/twmh.hu\/index.php?rest_route=\/wp\/v2\/pages\/110\/revisions\/701"}],"wp:attachment":[{"href":"https:\/\/twmh.hu\/index.php?rest_route=%2Fwp%2Fv2%2Fmedia&parent=110"}],"curies":[{"name":"wp","href":"https:\/\/api.w.org\/{rel}","templated":true}]}}