{"id":112,"date":"2015-03-31T14:34:59","date_gmt":"2015-03-31T14:34:59","guid":{"rendered":"https:\/\/twmh.hu\/?page_id=112"},"modified":"2019-11-19T10:05:19","modified_gmt":"2019-11-19T10:05:19","slug":"menedzsment","status":"publish","type":"page","link":"https:\/\/twmh.hu\/?page_id=112","title":{"rendered":"Menedzsment"},"content":{"rendered":"<p>ISO 9001:2015 szerint kezelj\u00fck megrendel\u00e9seinket, a k\u00f6vetkez\u0151l\u00e9p\u00e9sek k\u00eds\u00e9rik v\u00e9gig egy megrendel\u00e9s teljes\u00edt\u00e9s\u00e9t:<\/p>\n<ul>\n<li>Megrendel\u00e9s<\/li>\n<li>Visszaigazol\u00e1s<\/li>\n<li>\u00c1tvizsg\u00e1l\u00e1s<\/li>\n<li>Jav\u00edt\u00e1s &#8211; amennyiben a megrendel\u00e9sen fel\u00fcl hib\u00e1t tal\u00e1lunk jelezz\u00fck a megrendel\u0151 fel\u00e9<\/li>\n<li>K\u00e9sz jelent\u00e9s<\/li>\n<li>Munkalap + fot\u00f3k k\u00fcld\u00e9se<\/li>\n<li>Ha visszakaptuk az al\u00e1\u00edrt munkalapot kisz\u00e1ml\u00e1zzuk a k\u00f6lts\u00e9geket<\/li>\n<\/ul>\n<p><\/p>","protected":false},"excerpt":{"rendered":"<p>ISO 9001:2015 szerint kezelj\u00fck megrendel\u00e9seinket, a k\u00f6vetkez\u0151l\u00e9p\u00e9sek k\u00eds\u00e9rik v\u00e9gig egy megrendel\u00e9s teljes\u00edt\u00e9s\u00e9t: Megrendel\u00e9s Visszaigazol\u00e1s \u00c1tvizsg\u00e1l\u00e1s Jav\u00edt\u00e1s &#8211; amennyiben a megrendel\u00e9sen fel\u00fcl hib\u00e1t tal\u00e1lunk jelezz\u00fck a megrendel\u0151 fel\u00e9 K\u00e9sz jelent\u00e9s Munkalap + fot\u00f3k k\u00fcld\u00e9se Ha visszakaptuk az al\u00e1\u00edrt munkalapot kisz\u00e1ml\u00e1zzuk a k\u00f6lts\u00e9geket<\/p>\n","protected":false},"author":1,"featured_media":0,"parent":0,"menu_order":0,"comment_status":"closed","ping_status":"closed","template":"","meta":{"footnotes":""},"class_list":["post-112","page","type-page","status-publish","hentry"],"_links":{"self":[{"href":"https:\/\/twmh.hu\/index.php?rest_route=\/wp\/v2\/pages\/112","targetHints":{"allow":["GET"]}}],"collection":[{"href":"https:\/\/twmh.hu\/index.php?rest_route=\/wp\/v2\/pages"}],"about":[{"href":"https:\/\/twmh.hu\/index.php?rest_route=\/wp\/v2\/types\/page"}],"author":[{"embeddable":true,"href":"https:\/\/twmh.hu\/index.php?rest_route=\/wp\/v2\/users\/1"}],"replies":[{"embeddable":true,"href":"https:\/\/twmh.hu\/index.php?rest_route=%2Fwp%2Fv2%2Fcomments&post=112"}],"version-history":[{"count":8,"href":"https:\/\/twmh.hu\/index.php?rest_route=\/wp\/v2\/pages\/112\/revisions"}],"predecessor-version":[{"id":1303,"href":"https:\/\/twmh.hu\/index.php?rest_route=\/wp\/v2\/pages\/112\/revisions\/1303"}],"wp:attachment":[{"href":"https:\/\/twmh.hu\/index.php?rest_route=%2Fwp%2Fv2%2Fmedia&parent=112"}],"curies":[{"name":"wp","href":"https:\/\/api.w.org\/{rel}","templated":true}]}}