{"id":118,"date":"2015-03-31T14:46:45","date_gmt":"2015-03-31T14:46:45","guid":{"rendered":"https:\/\/twmh.hu\/?page_id=118"},"modified":"2025-02-12T11:44:28","modified_gmt":"2025-02-12T11:44:28","slug":"msz-en-iso-90012009","status":"publish","type":"page","link":"https:\/\/twmh.hu\/?page_id=118","title":{"rendered":"MSZ EN ISO 9001:2015"},"content":{"rendered":"<p>A TWMH Kft 2022.05.6-\u00e1n megkapta az MSZ EN ISO 9001:2015 szabv\u00e1ny szerinti Min\u0151s\u00e9gir\u00e1ny\u00edt\u00e1si Rendszer bevezet\u00e9s\u00e9t \u00e9s m\u0171k\u00f6dtet\u00e9s\u00e9t, mely seg\u00edts\u00e9g\u00e9vel c\u00e9lkit\u0171z\u00e9seinket meger\u0151s\u00edtj\u00fck:<\/p>\n\n\n\n<ol class=\"wp-block-list\"><li>megrendel\u0151ink ig\u00e9nyeinek, elv\u00e1r\u00e1saik gyors \u00e9s pontos kiel\u00e9g\u00edt\u00e9se<\/li><li>m\u0171szaki el\u0151\u00edr\u00e1sok \u00e9s jogszab\u00e1lyok teljes\u00edt\u00e9se<\/li><li style=\"text-align: left;\">a biztons\u00e1gtechnikai \u00e9s k\u00f6rnyezetv\u00e9delmi el\u0151\u00edr\u00e1sok marad\u00e9ktalan betart\u00e1sa<\/li><\/ol>\n\n\n\n<figure class=\"wp-block-image size-large\"><img loading=\"lazy\" decoding=\"async\" width=\"623\" height=\"930\" src=\"https:\/\/twmh.hu\/wp-content\/uploads\/2025\/02\/hu.jpg\" alt=\"\" class=\"wp-image-1597\" srcset=\"https:\/\/twmh.hu\/wp-content\/uploads\/2025\/02\/hu.jpg 623w, https:\/\/twmh.hu\/wp-content\/uploads\/2025\/02\/hu-201x300.jpg 201w\" sizes=\"auto, (max-width: 623px) 100vw, 623px\" \/><\/figure>\n\n\n\n<p>","protected":false},"excerpt":{"rendered":"<p>A TWMH Kft 2022.05.6-\u00e1n megkapta az MSZ EN ISO 9001:2015 szabv\u00e1ny szerinti Min\u0151s\u00e9gir\u00e1ny\u00edt\u00e1si Rendszer bevezet\u00e9s\u00e9t \u00e9s m\u0171k\u00f6dtet\u00e9s\u00e9t, mely seg\u00edts\u00e9g\u00e9vel c\u00e9lkit\u0171z\u00e9seinket meger\u0151s\u00edtj\u00fck: megrendel\u0151ink ig\u00e9nyeinek, elv\u00e1r\u00e1saik gyors \u00e9s pontos kiel\u00e9g\u00edt\u00e9se m\u0171szaki el\u0151\u00edr\u00e1sok \u00e9s jogszab\u00e1lyok teljes\u00edt\u00e9se a biztons\u00e1gtechnikai \u00e9s k\u00f6rnyezetv\u00e9delmi el\u0151\u00edr\u00e1sok marad\u00e9ktalan betart\u00e1sa<\/p>\n","protected":false},"author":1,"featured_media":0,"parent":0,"menu_order":0,"comment_status":"closed","ping_status":"closed","template":"","meta":{"footnotes":""},"class_list":["post-118","page","type-page","status-publish","hentry"],"_links":{"self":[{"href":"https:\/\/twmh.hu\/index.php?rest_route=\/wp\/v2\/pages\/118","targetHints":{"allow":["GET"]}}],"collection":[{"href":"https:\/\/twmh.hu\/index.php?rest_route=\/wp\/v2\/pages"}],"about":[{"href":"https:\/\/twmh.hu\/index.php?rest_route=\/wp\/v2\/types\/page"}],"author":[{"embeddable":true,"href":"https:\/\/twmh.hu\/index.php?rest_route=\/wp\/v2\/users\/1"}],"replies":[{"embeddable":true,"href":"https:\/\/twmh.hu\/index.php?rest_route=%2Fwp%2Fv2%2Fcomments&post=118"}],"version-history":[{"count":73,"href":"https:\/\/twmh.hu\/index.php?rest_route=\/wp\/v2\/pages\/118\/revisions"}],"predecessor-version":[{"id":1664,"href":"https:\/\/twmh.hu\/index.php?rest_route=\/wp\/v2\/pages\/118\/revisions\/1664"}],"wp:attachment":[{"href":"https:\/\/twmh.hu\/index.php?rest_route=%2Fwp%2Fv2%2Fmedia&parent=118"}],"curies":[{"name":"wp","href":"https:\/\/api.w.org\/{rel}","templated":true}]}}