{"id":14,"date":"2015-03-16T15:52:06","date_gmt":"2015-03-16T15:52:06","guid":{"rendered":"https:\/\/twmh.hu\/?page_id=14"},"modified":"2025-10-16T07:29:54","modified_gmt":"2025-10-16T07:29:54","slug":"kapcsolat","status":"publish","type":"page","link":"https:\/\/twmh.hu\/?page_id=14","title":{"rendered":"KAPCSOLAT"},"content":{"rendered":"<p><\/p>\n<p style=\"text-align: center;\"><span style=\"font-size: 14px;\">TOTAL WAGON MANAGEMENT Hungary Kft<br \/><\/span><span style=\"font-size: 14px;\">Vadvir\u00e1g utca 11, C\/4<br \/><\/span><span style=\"font-size: 14px;\">H &#8211; 4031 Debrecen<\/span><br \/><span style=\"font-size: 14px;\"> Tel.: 0036 20 661 1895 \/ 0036 20 661 1908<\/span><br \/><span style=\"font-size: 14px;\"> e-mail\u00a0 <a href=\"mailto:info@twmh.hu\">info@twmh.hu<\/a><\/span><br \/><span style=\"font-size: 14px;\"> <a href=\"http:\/\/www.twmh.hu\">www.twmh.hu<\/a><\/span><\/p>\n<p style=\"text-align: center;\"><iframe loading=\"lazy\" src=\"https:\/\/www.google.com\/maps\/d\/embed?mid=zRCuU7s-VGqw.kfiQ5AS_fBdo\" width=\"573\" height=\"317\"><\/iframe><\/p>\n<p style=\"text-align: center;\">MUNKAT\u00c1RSAINK<\/p>\n<table style=\"height: 1222px; width: 100%;\" width=\"100%\" cellspacing=\"5\" cellpadding=\"5\">\n<thead>\n<tr>\n<td style=\"vertical-align: top; width: 43.1035%;\" scope=\"colgroup\">\n<h6><img loading=\"lazy\" decoding=\"async\" class=\"wp-image-187 size-full alignright\" src=\"https:\/\/twmh.hu\/wp-content\/uploads\/2015\/04\/Kati.jpg\" alt=\"Kati\" width=\"138\" height=\"160\" \/><\/h6>\n<\/td>\n<td style=\"width: 53.9655%; text-align: left; vertical-align: top;\" scope=\"colgroup\">\n<h6><span style=\"font-size: 16px;\"><strong>B\u00f6cking Katalin<\/strong><br \/><\/span><span style=\"font-size: 14px;\">\u00fcgyvezet\u0151<\/span><\/h6>\n<h6>\u00a0<\/h6>\n<h6><span style=\"font-size: 14px;\"><br \/>E-mail:<a href=\"mailto:info@twmh.hu\">info@twmh.hu<br \/><\/a><\/span><span style=\"font-size: 14px;\">Telefon: 0620 661 1908\u00a0<\/span><\/h6>\n<\/td>\n<\/tr>\n<tr>\n<td style=\"vertical-align: top; width: 43.1035%;\" scope=\"colgroup\">\n<h6><img loading=\"lazy\" decoding=\"async\" class=\"wp-image-186 size-full alignright\" src=\"https:\/\/twmh.hu\/wp-content\/uploads\/2015\/04\/j\u00fcrgen.jpg\" alt=\"j\u00fcrgen\" width=\"138\" height=\"160\" \/><\/h6>\n<\/td>\n<td style=\"width: 53.9655%; text-align: left; vertical-align: top;\" scope=\"colgroup\">\n<h6><span style=\"font-size: 16px;\"><strong>J\u00fcrgen B\u00f6cking<\/strong><br \/><\/span><span style=\"font-size: 14px;\">min\u0151s\u00e9gir\u00e1ny\u00edt\u00f3<\/span><\/h6>\n<h6>\u00a0<\/h6>\n<h6><span style=\"font-size: 14px;\"><br \/>E-mail: <a href=\"mailto:jurgen.bocking@twmh.hu\">jurgen.bocking@twmh.hu<br \/><\/a><\/span><span style=\"font-size: 14px;\">Telefon: 0620 661 1895<\/span><\/h6>\n<\/td>\n<\/tr>\n<tr>\n<td style=\"vertical-align: top; width: 43.1035%;\" scope=\"colgroup\">\n<h6><img loading=\"lazy\" decoding=\"async\" class=\"wp-image-211 size-full alignright\" src=\"https:\/\/twmh.hu\/wp-content\/uploads\/2015\/04\/janos.jpg\" alt=\"janos\" width=\"138\" height=\"160\" \/><\/h6>\n<\/td>\n<td style=\"width: 53.9655%; text-align: left; vertical-align: top;\" scope=\"colgroup\">\n<h6><span style=\"font-size: 16px;\"><strong>S\u00edpos J\u00e1nos<\/strong><br \/><\/span><span style=\"font-size: 14px;\">min\u0151s\u00e9gir\u00e1ny\u00edt\u00f3<\/span><\/h6>\n<h6>\u00a0<\/h6>\n<h6><span style=\"font-size: 14px;\"><br \/>E-mail: <a href=\"mailto:info@twmh.hu\">info@twmh.hu<br \/><\/a><\/span><span style=\"font-size: 14px;\">Telefon: 0620 661 3606<\/span><\/h6>\n<\/td>\n<\/tr>\n<tr>\n<td style=\"vertical-align: top; width: 43.1035%;\" scope=\"colgroup\">\n<h6><img loading=\"lazy\" decoding=\"async\" class=\"wp-image-208 size-full alignright\" src=\"https:\/\/twmh.hu\/wp-content\/uploads\/2015\/04\/arthur.jpg\" alt=\"arthur\" width=\"138\" height=\"160\" \/><\/h6>\n<\/td>\n<td style=\"width: 53.9655%; text-align: left; vertical-align: top;\" scope=\"colgroup\">\n<h6><span style=\"font-size: 16px;\"><strong>Zsoldics Arthur<\/strong><br \/><\/span><span style=\"font-size: 14px;\">min\u0151s\u00e9gir\u00e1ny\u00edt\u00f3<\/span><\/h6>\n<p>\u00a0<\/p>\n<h6><span style=\"font-size: 14px;\">E-mail: <a href=\"mailto:info@twmh.hu\">info@twmh.hu<br \/><\/a><\/span><span style=\"font-size: 14px;\">Telefon: 0620 661 3606<\/span><\/h6>\n<\/td>\n<\/tr>\n<tr>\n<td style=\"vertical-align: top; width: 43.1035%;\" scope=\"colgroup\">\n<h6><a href=\"https:\/\/twmh.hu\/?attachment_id=210\"><img loading=\"lazy\" decoding=\"async\" class=\"wp-image-210 size-full alignright\" src=\"https:\/\/twmh.hu\/wp-content\/uploads\/2015\/04\/ildiko.jpg\" alt=\"\" width=\"138\" height=\"160\" \/><\/a><\/h6>\n<\/td>\n<td style=\"width: 53.9655%; text-align: left; vertical-align: top;\" scope=\"colgroup\">\n<h6><strong><span style=\"font-size: 16px;\">Moln\u00e1r Ildik\u00f3<\/span><\/strong><br \/><span style=\"font-size: 14px;\">kereskedelmi egys\u00e9g vezet\u0151<\/span><\/h6>\n<p>\u00a0<\/p>\n<h6><span style=\"font-size: 14px;\">E-mail: <a href=\"mailto:titkarsag@twmh.hu\">titkarsag@twmh.hu<\/a><a href=\"sera.eszter@twmh.hu\"><br \/><\/a><\/span><span style=\"font-size: 14px;\">Telefon: 0620 661 3606<br \/><\/span><\/h6>\n<\/td>\n<\/tr>\n<\/thead>\n<\/table>\n<p><\/p>\n\n\n\n<div class=\"wp-block-columns is-layout-flex wp-container-core-columns-is-layout-9d6595d7 wp-block-columns-is-layout-flex\">\n<div class=\"wp-block-column is-vertically-aligned-top is-layout-flow wp-block-column-is-layout-flow\"><\/div>\n\n\n\n<div class=\"wp-block-column is-layout-flow wp-block-column-is-layout-flow\"><\/div>\n<\/div>","protected":false},"excerpt":{"rendered":"<p>TOTAL WAGON MANAGEMENT Hungary Kft<br \/>\nVadvir\u00e1g utca 11, C\/4<br \/>\nH &#8211; 4031 Debrecen<br \/>\nTel.: 0036 20 6611895 \/ 0036 20 6611908<br \/>\ne-mail: info@twmh.hu<br \/>\nwww.twmh.hu<\/p>\n","protected":false},"author":1,"featured_media":69,"parent":0,"menu_order":0,"comment_status":"closed","ping_status":"open","template":"","meta":{"footnotes":""},"class_list":["post-14","page","type-page","status-publish","has-post-thumbnail","hentry"],"_links":{"self":[{"href":"https:\/\/twmh.hu\/index.php?rest_route=\/wp\/v2\/pages\/14","targetHints":{"allow":["GET"]}}],"collection":[{"href":"https:\/\/twmh.hu\/index.php?rest_route=\/wp\/v2\/pages"}],"about":[{"href":"https:\/\/twmh.hu\/index.php?rest_route=\/wp\/v2\/types\/page"}],"author":[{"embeddable":true,"href":"https:\/\/twmh.hu\/index.php?rest_route=\/wp\/v2\/users\/1"}],"replies":[{"embeddable":true,"href":"https:\/\/twmh.hu\/index.php?rest_route=%2Fwp%2Fv2%2Fcomments&post=14"}],"version-history":[{"count":277,"href":"https:\/\/twmh.hu\/index.php?rest_route=\/wp\/v2\/pages\/14\/revisions"}],"predecessor-version":[{"id":1676,"href":"https:\/\/twmh.hu\/index.php?rest_route=\/wp\/v2\/pages\/14\/revisions\/1676"}],"wp:featuredmedia":[{"embeddable":true,"href":"https:\/\/twmh.hu\/index.php?rest_route=\/wp\/v2\/media\/69"}],"wp:attachment":[{"href":"https:\/\/twmh.hu\/index.php?rest_route=%2Fwp%2Fv2%2Fmedia&parent=14"}],"curies":[{"name":"wp","href":"https:\/\/api.w.org\/{rel}","templated":true}]}}