{"id":34,"date":"2015-03-16T17:53:03","date_gmt":"2015-03-16T17:53:03","guid":{"rendered":"https:\/\/twmh.hu\/?page_id=34"},"modified":"2024-07-16T13:35:00","modified_gmt":"2024-07-16T13:35:00","slug":"minosegbiztositas","status":"publish","type":"page","link":"https:\/\/twmh.hu\/?page_id=34","title":{"rendered":"MIN\u0150S\u00c9GIR\u00c1NY\u00cdT\u00c1S"},"content":{"rendered":"<p><span style=\"font-size: 14px;\">Az MSZ EN ISO 9001:2015 szabv\u00e1ny szerinti Min\u0151s\u00e9gir\u00e1ny\u00edt\u00e1si Rendszert bevezett\u00fck \u00e9s m\u0171k\u00f6dtet\u00e9s\u00e9vel tov\u00e1bb n\u00f6velj\u00fck megrendel\u0151ink ig\u00e9nyeinek gyors \u00e9s pontos kiel\u00e9g\u00edt\u00e9s\u00e9t, a m\u0171szaki \u00e9s k\u00f6rnyezetv\u00e9delmi el\u0151\u00edr\u00e1sok marad\u00e9ktalan betart\u00e1sa mellett.<\/span><\/p>\n<h2><img loading=\"lazy\" decoding=\"async\" class=\"alignright wp-image-235 size-full\" src=\"https:\/\/twmh.hu\/wp-content\/uploads\/2015\/04\/minisegiranyitas.jpg\" alt=\"minisegiranyitas\" width=\"300\" height=\"269\" \/><a href=\"https:\/\/twmh.hu\/?page_id=118\" target=\"_blank\" rel=\"noopener noreferrer\">MSZ EN ISO 9001:2015<\/a><\/h2>\n<p><strong>\u00c9rv\u00e9nyes: 2025.05.12<\/strong><\/p>\n<h2><a href=\"https:\/\/twmh.hu\/?page_id=128\" target=\"_blank\" rel=\"noopener noreferrer\">DIN EN 15085-2<\/a><\/h2>\n<p><strong>\u00c9rv\u00e9nyes: 2027.03.07<\/strong><\/p>\n<h2><a href=\"https:\/\/twmh.hu\/?page_id=121\" target=\"_blank\" rel=\"noopener noreferrer\">DIN EN ISO 3834-2<\/a><\/h2>\n<p><strong>\u00c9rv\u00e9nyes: 2026.08.24<\/strong><\/p>\n<h2><a href=\"https:\/\/twmh.hu\/?page_id=131\" target=\"_blank\" rel=\"noopener noreferrer\">ECM Teil 4<\/a><\/h2>\n<p><strong>\u00c9rv\u00e9nyes: 2026.04.30<\/strong><\/p>\n<h2><a href=\"https:\/\/twmh.hu\/?page_id=134\" target=\"_blank\" rel=\"noopener noreferrer\">VPI <\/a><\/h2>\n<p><strong>\u00c9rv\u00e9nyes: 2026.10.31<\/strong><\/p>\n<h2>\u00a0<\/h2>\n<h2>\u00a0<\/h2>\n<p><\/p>","protected":false},"excerpt":{"rendered":"<p>Az MSZ EN ISO 9001:2015 szabv\u00e1ny szerinti Min\u0151s\u00e9gir\u00e1ny\u00edt\u00e1si Rendszert bevezett\u00fck \u00e9s m\u0171k\u00f6dtet\u00e9s\u00e9vel tov\u00e1bb n\u00f6velj\u00fck megrendel\u0151ink ig\u00e9nyeinek gyors \u00e9s pontos kiel\u00e9g\u00edt\u00e9s\u00e9t, a m\u0171szaki \u00e9s k\u00f6rnyezetv\u00e9delmi el\u0151\u00edr\u00e1sok marad\u00e9ktalan betart\u00e1sa mellett.<\/p>\n","protected":false},"author":1,"featured_media":161,"parent":0,"menu_order":0,"comment_status":"closed","ping_status":"closed","template":"","meta":{"footnotes":""},"class_list":["post-34","page","type-page","status-publish","has-post-thumbnail","hentry"],"_links":{"self":[{"href":"https:\/\/twmh.hu\/index.php?rest_route=\/wp\/v2\/pages\/34","targetHints":{"allow":["GET"]}}],"collection":[{"href":"https:\/\/twmh.hu\/index.php?rest_route=\/wp\/v2\/pages"}],"about":[{"href":"https:\/\/twmh.hu\/index.php?rest_route=\/wp\/v2\/types\/page"}],"author":[{"embeddable":true,"href":"https:\/\/twmh.hu\/index.php?rest_route=\/wp\/v2\/users\/1"}],"replies":[{"embeddable":true,"href":"https:\/\/twmh.hu\/index.php?rest_route=%2Fwp%2Fv2%2Fcomments&post=34"}],"version-history":[{"count":154,"href":"https:\/\/twmh.hu\/index.php?rest_route=\/wp\/v2\/pages\/34\/revisions"}],"predecessor-version":[{"id":1412,"href":"https:\/\/twmh.hu\/index.php?rest_route=\/wp\/v2\/pages\/34\/revisions\/1412"}],"wp:featuredmedia":[{"embeddable":true,"href":"https:\/\/twmh.hu\/index.php?rest_route=\/wp\/v2\/media\/161"}],"wp:attachment":[{"href":"https:\/\/twmh.hu\/index.php?rest_route=%2Fwp%2Fv2%2Fmedia&parent=34"}],"curies":[{"name":"wp","href":"https:\/\/api.w.org\/{rel}","templated":true}]}}