{"id":8,"date":"2015-03-16T15:50:37","date_gmt":"2015-03-16T15:50:37","guid":{"rendered":"https:\/\/twmh.hu\/?page_id=8"},"modified":"2022-11-09T08:34:32","modified_gmt":"2022-11-09T08:34:32","slug":"rolunk","status":"publish","type":"page","link":"https:\/\/twmh.hu\/?page_id=8","title":{"rendered":"R\u00d3LUNK"},"content":{"rendered":"<p><\/p>\n<div class=\"entry-content\">\n<p style=\"text-align: left;\"><span style=\"font-size: 14px;\"><a href=\"https:\/\/twmh.hu\/wp-content\/uploads\/2015\/06\/KB.jpg\"><img loading=\"lazy\" decoding=\"async\" class=\" size-full wp-image-664 alignleft\" src=\"https:\/\/twmh.hu\/wp-content\/uploads\/2015\/06\/KB.jpg\" alt=\"KB\" width=\"139\" height=\"189\" \/><\/a><\/span><span style=\"font-size: 16px;\"><strong>A Total Wagon Management Hungary Kft-t<\/strong> 2010 szeptember\u00e9ben alap\u00edtottuk Debrecenben (Kelet-Magyarorsz\u00e1g).<\/span><\/p>\n<p><span style=\"font-size: 16px;\">Tev\u00e9kenys\u00e9g\u00fcnkh\u00f6z tartozik a mobil szerviz szolg\u00e1ltat\u00e1s \u00e9s a vas\u00fati teherkocsik \u00fczembe helyez\u00e9se \u00e9s ellen\u0151rz\u00e9se. Az elm\u00falt \u00e9vekben sz\u00e1mos szerviz megb\u00edz\u00e1sunk alkalm\u00e1val bebizony\u00edtottuk, hogy min\u0151s\u00e9gi munk\u00e1t v\u00e9gz\u00fcnk rugalmasan, \u00fcgyfeleinkkel egy\u00fcttm\u0171k\u00f6dve.<\/span><\/p>\n<p><span style=\"font-size: 16px;\"><strong>T\u00f6bbek k\u00f6z\u00f6tt al\u00e1bbi mobil szolg\u00e1ltat\u00e1sokkal \u00e1llunk rendelkez\u00e9s\u00fckre:<\/strong><\/span><\/p>\n<p><span style=\"font-size: 16px;\">\u2022\u00a0\u00a0 \u00a0a vas\u00fati teherkocsik m\u0171szaki \u00e1llapot\u00e1nak ellen\u0151rz\u00e9se<\/span><br \/><span style=\"font-size: 16px;\"> \u2022\u00a0\u00a0 \u00a0a fel-\u00e9s lerakod\u00f3 ajt\u00f3 berendez\u00e9sek ellen\u0151rz\u00e9se, jav\u00edt\u00e1sa<\/span><br \/><span style=\"font-size: 16px;\"> \u2022\u00a0\u00a0 \u00a0a vas\u00fati teherkocsik mozg\u00f3 alkatr\u00e9szeinek ken\u00e9se<\/span><br \/><span style=\"font-size: 16px;\"> \u2022\u00a0\u00a0 \u00a0a f\u00e9krendszer, f\u00e9ktusk\u00f3, f\u00e9ksaru, f\u00e9kemelty\u0171 \u00e9s f\u00e9k biztons\u00e1gi kengyel\u00a0\u00a0\u00a0\u00a0 alkatr\u00e9szeinek cser\u00e9je.<\/span><br \/><span style=\"font-size: 16px;\"> \u2022\u00a0\u00a0 \u00a0rug\u00f3kalap \u00e9s l\u00e1ncszem cser\u00e9je<\/span><br \/><span style=\"font-size: 16px;\"> \u2022\u00a0\u00a0 \u00a0teher- \u00e9s\/vagy hord rug\u00f3k cser\u00e9je<\/span><br \/><span style=\"font-size: 16px;\"> \u2022\u00a0\u00a0 \u00a0be\u00e1ll\u00edt\u00f3 \u00e9s hegeszt\u0151 munk\u00e1latok a vas\u00fati kocsiszekr\u00e9nyen<\/span><br \/><span style=\"font-size: 16px;\"> \u2022\u00a0\u00a0 \u00a0feliratok p\u00f3tl\u00e1sa, kijav\u00edt\u00e1sa<\/span><br \/><span style=\"font-size: 16px;\"> \u2022 \u00a0\u00a0 BR0 f\u00e9kpr\u00f3ba Pdr5 Rail Tab ellen\u0151rz\u0151 k\u00e9sz\u00fcl\u00e9kkel t\u00f6rt\u00e9n\u0151 elv\u00e9gz\u00e9se<\/span><\/p>\n<p><span style=\"font-size: 16px;\">\u00dcgyfeleink ig\u00e9nyei folyamatosan v\u00e1ltoznak. 2010 \u00e9s 2019 k\u00f6z\u00f6tt folyamatosan b\u0151v\u00edtett\u00fck v\u00e1llalkoz\u00e1sunkat annak \u00e9rdek\u00e9ben, hogy alkalmazkodjunk ezekhez a megv\u00e1ltozott ig\u00e9nyekhez. A m\u0171szakilag teljesen felszerelt mobil g\u00e9pj\u00e1rm\u0171vekkel valamint Debreceni, Gy\u00e9k\u00e9nyesi \u00e9s Gy\u0151ri telephelyekkel rendelkez\u00fcnk.<\/span><br \/><span style=\"font-size: 16px;\"> Minden telephely\u00fcnk saj\u00e1t, a legfontosabb alkatr\u00e9szekkel felszerelt rakt\u00e1rral rendelkezik.<\/span><\/p>\n<p><span style=\"font-size: 16px;\"><strong>A TWMH elk\u00f6telezte mag\u00e1t a min\u0151s\u00e9gi \u00e9s megb\u00edzhat\u00f3 szolg\u00e1ltat\u00e1sok mellett.<\/strong><\/span><br \/><span style=\"font-size: 16px;\"> <strong> K\u00e9pzett szakembereink az al\u00e1bbi el\u0151\u00edr\u00e1sok szerint v\u00e9gzik feladataikat:<\/strong><\/span><\/p>\n<p><span style=\"font-size: 16px;\">\u2022\u00a0\u00a0 \u00a0MSZ EN ISO 9001:2015 \u00e9s MSZ EN ISO 3834-2:2006<\/span><br \/><span style=\"font-size: 16px;\"> \u2022\u00a0\u00a0 \u00a0az UIC [Nemzetk\u00f6zi Vas\u00fati Sz\u00f6vets\u00e9g] \u00e1ltal kiadott Vas\u00fati teherkocsik\u00a0 <br \/>\u00a0\u00a0\u00a0\u00a0\u00a0 haszn\u00e1lat\u00e1nak \u00e1ltal\u00e1nos felt\u00e9telei [n\u00e9met r\u00f6v.: AVV]<\/span><br \/><span style=\"font-size: 16px;\"> \u2022\u00a0\u00a0 \u00a0a v\u00e1llalkoz\u00e1s munka\u00fcgyi el\u0151\u00edr\u00e1sai<\/span><br \/><span style=\"font-size: 16px;\"> \u2022\u00a0\u00a0 \u00a0MSZ EN ISO 15085-2<\/span><br \/><span style=\"font-size: 16px;\"> \u2022\u00a0\u00a0 \u00a0ECM tan\u00fas\u00edtv\u00e1ny (4. r\u00e9sz) szerinti karbantart\u00e1s<\/span><br \/><span style=\"font-size: 16px;\"> \u2022\u00a0\u00a0 \u00a0VPI tags\u00e1g 2014 \u00f3ta (\u00e9rv\u00e9nyes 2026. 10. 31.-ig)<br \/><\/span><\/p>\n<p><span style=\"font-size: 16px;\"><strong><a href=\"https:\/\/twmh.hu\/wp-content\/uploads\/2015\/03\/csapat.jpg\"><img loading=\"lazy\" decoding=\"async\" class=\" size-full wp-image-656 alignleft\" src=\"https:\/\/twmh.hu\/wp-content\/uploads\/2015\/03\/csapat.jpg\" alt=\"csapat\" width=\"160\" height=\"111\" \/><\/a>Mindennapos \u00fczleti tev\u00e9kenys\u00e9g\u00fcnket al\u00e1bbi alapelv szerint v\u00e9gezz\u00fck:<\/strong><\/span><\/p>\n<p style=\"padding-left: 90px;\"><span style=\"font-size: 16px;\">\u2022\u00a0\u00a0 \u00a0M\u0171szaki ig\u00e9nyeinek \u00e9s c\u00e9lkit\u0171z\u00e9seinek el\u00e9r\u00e9se \u00e9rdek\u00e9ben egyedi megold\u00e1sokat k\u00edn\u00e1lunk \u00d6nnek a k\u00f6lts\u00e9ghat\u00e9konys\u00e1g \u00e9s a sz\u00e1ll\u00edt\u00e1si hat\u00e1rid\u0151k betart\u00e1s\u00e1nak szem el\u0151tt tart\u00e1s\u00e1val.<\/span><\/p>\n<p><span style=\"font-size: 16px;\"><em><strong>A TOTAL WAGON MANAGEMENT HUNGARY CSAPATA<\/strong><\/em><\/span><\/p>\n<\/div>\n<p><\/p>","protected":false},"excerpt":{"rendered":"<p>A TWMH Kft. 2010.augusztus 1-j\u00e9n kezdte meg m\u0171k\u00f6d\u00e9s\u00e9t. A c\u00e9g f\u0151 profilja a vas\u00fati teherkocsik vizsg\u00e1lata, tervszer\u0171 karbantart\u00e1sa \u00e9s jav\u00edt\u00e1sa<\/p>\n","protected":false},"author":1,"featured_media":0,"parent":0,"menu_order":0,"comment_status":"closed","ping_status":"open","template":"","meta":{"footnotes":""},"class_list":["post-8","page","type-page","status-publish","hentry"],"_links":{"self":[{"href":"https:\/\/twmh.hu\/index.php?rest_route=\/wp\/v2\/pages\/8","targetHints":{"allow":["GET"]}}],"collection":[{"href":"https:\/\/twmh.hu\/index.php?rest_route=\/wp\/v2\/pages"}],"about":[{"href":"https:\/\/twmh.hu\/index.php?rest_route=\/wp\/v2\/types\/page"}],"author":[{"embeddable":true,"href":"https:\/\/twmh.hu\/index.php?rest_route=\/wp\/v2\/users\/1"}],"replies":[{"embeddable":true,"href":"https:\/\/twmh.hu\/index.php?rest_route=%2Fwp%2Fv2%2Fcomments&post=8"}],"version-history":[{"count":33,"href":"https:\/\/twmh.hu\/index.php?rest_route=\/wp\/v2\/pages\/8\/revisions"}],"predecessor-version":[{"id":1153,"href":"https:\/\/twmh.hu\/index.php?rest_route=\/wp\/v2\/pages\/8\/revisions\/1153"}],"wp:attachment":[{"href":"https:\/\/twmh.hu\/index.php?rest_route=%2Fwp%2Fv2%2Fmedia&parent=8"}],"curies":[{"name":"wp","href":"https:\/\/api.w.org\/{rel}","templated":true}]}}